{"id":2735,"date":"2024-02-28T12:30:25","date_gmt":"2024-02-28T12:30:25","guid":{"rendered":"https:\/\/selectseven.net\/?page_id=2735"},"modified":"2024-02-28T12:39:09","modified_gmt":"2024-02-28T12:39:09","slug":"select-seven-datenschutzrichtlinie","status":"publish","type":"page","link":"https:\/\/selectseven.net\/de\/politica-de-privacidad-de-select-seven\/","title":{"rendered":"Select Seven Datenschutzrichtlinie"},"content":{"rendered":"<div class=\"container\" style=\"margin: 20px;\">\n    <h1>Select Seven Datenschutzrichtlinie<\/h1>\n    <p><strong>Datum des Inkrafttretens:<\/strong> 28. Februar 2024<\/p>\n    <p>Wir bei Select Seven sch\u00e4tzen und respektieren Ihre Privatsph\u00e4re. Diese Datenschutzrichtlinie beschreibt, wie wir die Informationen, die Sie uns bei der Nutzung unserer Dienstleistungen und beim Besuch unserer Website zur Verf\u00fcgung stellen, sammeln, verwenden und sch\u00fctzen.<\/p>\n    <h2>Datenerhebung<\/h2>\n    <p>Bei Select Seven sammeln wir nur Informationen, die Sie uns freiwillig zur Verf\u00fcgung stellen, wenn Sie einen Kauf t\u00e4tigen oder mit uns kommunizieren. Diese Informationen k\u00f6nnen Ihren Namen, Ihre E-Mail-Adresse, Ihre Lieferadresse und Ihre Zahlungsdaten umfassen. Wir sammeln keine weiteren Informationen ohne Ihre ausdr\u00fcckliche Zustimmung.<\/p>\n    <h2>Verwendung von Informationen<\/h2>\n    <p>Wir verwenden die von uns gesammelten Informationen, um Ihre Bestellungen zu bearbeiten, mit Ihnen \u00fcber Ihren Kauf zu kommunizieren und Ihnen einen hervorragenden Kundenservice zu bieten. Dar\u00fcber hinaus k\u00f6nnen wir Ihre Daten verwenden, um unsere Produkte und Dienstleistungen zu verbessern und um Ihnen relevante Informationen \u00fcber Werbeaktionen oder Produktaktualisierungen zukommen zu lassen, sofern Sie dem Erhalt solcher Mitteilungen zugestimmt haben.<\/p>\n    <h2>Verkehrsanalyse<\/h2>\n    <p>Um besser zu verstehen, wie Nutzer mit unserer Website interagieren, verwenden wir Google Analytics, um Daten \u00fcber den Website-Verkehr zu sammeln. Dies hilft uns, die Nutzererfahrung zu verbessern und unsere Website zu optimieren, um Ihren Bed\u00fcrfnissen besser gerecht zu werden. Bitte beachten Sie, dass Google Analytics bestimmte Informationen \u00fcber Ihr Ger\u00e4t, Ihren Browser und Ihre Online-Aktivit\u00e4ten erfassen kann, die den Datenschutzbestimmungen von Google unterliegen.<\/p>\n    <h2>Offenlegung von Informationen<\/h2>\n    <p>Select Seven gibt Ihre pers\u00f6nlichen Daten nicht an Dritte weiter, verkauft oder vermietet sie nicht, es sei denn, es ist notwendig, um geltende Gesetze einzuhalten oder um unsere Rechte, unser Eigentum oder unsere Sicherheit oder die unserer Nutzer oder anderer zu sch\u00fctzen.<\/p>\n    <h2>Datensicherheit<\/h2>\n    <p>Wir verpflichten uns, die Sicherheit Ihrer pers\u00f6nlichen Daten zu sch\u00fctzen und haben geeignete technische und organisatorische Ma\u00dfnahmen ergriffen, um den unbefugten Zugriff, die Offenlegung, \u00c4nderung oder Zerst\u00f6rung Ihrer pers\u00f6nlichen Daten zu verhindern.<\/p>\n    <h2>Kontakt<\/h2>\n    <p>Wenn Sie Fragen oder Bedenken zu unserer Datenschutzpolitik haben oder Ihre Datenschutzrechte wahrnehmen m\u00f6chten, wenden Sie sich bitte an uns <a href=\"mailto:data@selectseven.net\">data@selectseven.net<\/a>.<\/p>\n    <h2>\u00c4nderungen der Datenschutzrichtlinie<\/h2>\n    <p>Wir behalten uns das Recht vor, diese Datenschutzrichtlinie jederzeit zu aktualisieren oder zu \u00e4ndern. Jegliche \u00c4nderungen werden sofort nach Ver\u00f6ffentlichung auf unserer Website wirksam. Wir empfehlen Ihnen, diese Seite regelm\u00e4\u00dfig zu lesen, um dar\u00fcber informiert zu bleiben, wie wir Ihre Daten sch\u00fctzen.<\/p>\n    <p>Indem Sie unsere Dienste nutzen oder unsere Website besuchen, erkl\u00e4ren Sie sich mit der Verarbeitung Ihrer pers\u00f6nlichen Daten gem\u00e4\u00df dieser Datenschutzrichtlinie einverstanden und stimmen ihr zu.<\/p>\n    <p>Wir danken Ihnen f\u00fcr Ihr Vertrauen in Select Seven.<\/p>\n<\/div>","protected":false},"excerpt":{"rendered":"<p>Pol\u00edtica de Privacidad de Select Seven Fecha de Entrada en Vigor: 28 de Febrero de 2024 En Select Seven, valoramos y respetamos su privacidad. Esta Pol\u00edtica de Privacidad describe c\u00f3mo recopilamos, utilizamos y protegemos la informaci\u00f3n que usted nos proporciona al utilizar nuestros servicios y visitar nuestro sitio web. Recopilaci\u00f3n de Datos En Select Seven, &#8230; <a title=\"Select Seven Datenschutzrichtlinie\" class=\"read-more\" href=\"https:\/\/selectseven.net\/de\/politica-de-privacidad-de-select-seven\/\" aria-label=\"Mehr Informationen \u00fcber Pol\u00edtica de Privacidad de Select Seven\">Weiterlesen<\/a><\/p>","protected":false},"author":1,"featured_media":0,"parent":0,"menu_order":0,"comment_status":"closed","ping_status":"closed","template":"","meta":{"content-type":"","_uag_custom_page_level_css":"","footnotes":""},"class_list":["post-2735","page","type-page","status-publish"],"spectra_custom_meta":{"_edit_lock":["1709124671:1"],"_wpml_word_count":["{\"total\":429,\"to_translate\":{\"en\":429}}"],"rank_math_internal_links_processed":["1"],"rank_math_seo_score":["9"],"ast-site-content-layout":["default"],"theme-transparent-header-meta":[""],"adv-header-id-meta":[""],"stick-header-meta":[""],"astra-migrate-meta-layouts":["set"],"footnotes":[""],"_edit_last":["1"],"rank_math_analytic_object_id":["410"],"_wpml_media_duplicate":["1"],"_wpml_media_featured":["1"],"_wpml_location_migration_done":["1"],"_elementor_page_assets":["a:0:{}"],"_trp_automatically_translated_slug_fr_FR":["select-seven-politique-de-confidentialite"],"_trp_automatically_translated_slug_en_GB":["select-seven-privacy-policy"],"_trp_automatically_translated_slug_de_DE":["select-seven-datenschutzrichtlinie"],"_trp_automatically_translated_slug_ru_RU":["\u0432\u044b\u0431\u0435\u0440\u0438\u0442\u0435-\u0441\u0435\u043c\u044c-\u043f\u043e\u043b\u0438\u0442\u0438\u043a\u0430-\u043a\u043e\u043d\u0444\u0438\u0434\u0435\u043d\u0446\u0438\u0430\u043b"],"_trp_automatically_translated_slug_it_IT":["select-seven-informativa-sulla-privacy"],"_uag_css_file_name":["uag-css-2735.css"],"_uag_page_assets":["a:9:{s:3:\"css\";s:263:\".uag-blocks-common-selector{z-index:var(--z-index-desktop) !important}@media (max-width: 976px){.uag-blocks-common-selector{z-index:var(--z-index-tablet) !important}}@media (max-width: 767px){.uag-blocks-common-selector{z-index:var(--z-index-mobile) !important}}\n\";s:2:\"js\";s:0:\"\";s:18:\"current_block_list\";a:4:{i:0;s:9:\"core\/html\";i:1;s:32:\"woocommerce\/product-best-sellers\";i:2;s:12:\"core\/heading\";i:3;s:23:\"woocommerce\/product-new\";}s:8:\"uag_flag\";b:0;s:11:\"uag_version\";s:10:\"1775831891\";s:6:\"gfonts\";a:0:{}s:10:\"gfonts_url\";s:0:\"\";s:12:\"gfonts_files\";a:0:{}s:14:\"uag_faq_layout\";b:0;}"]},"uagb_featured_image_src":{"full":false,"thumbnail":false,"medium":false,"medium_large":false,"large":false,"1536x1536":false,"2048x2048":false,"trp-custom-language-flag":false,"woocommerce_thumbnail":false,"woocommerce_single":false,"woocommerce_gallery_thumbnail":false},"uagb_author_info":{"display_name":"admin","author_link":"https:\/\/selectseven.net\/de\/author\/admin\/"},"uagb_comment_info":0,"uagb_excerpt":"Pol\u00edtica de Privacidad de Select Seven Fecha de Entrada en Vigor: 28 de Febrero de 2024 En Select Seven, valoramos y respetamos su privacidad. Esta Pol\u00edtica de Privacidad describe c\u00f3mo recopilamos, utilizamos y protegemos la informaci\u00f3n que usted nos proporciona al utilizar nuestros servicios y visitar nuestro sitio web. Recopilaci\u00f3n de Datos En Select Seven,&hellip;","_links":{"self":[{"href":"https:\/\/selectseven.net\/de\/wp-json\/wp\/v2\/pages\/2735","targetHints":{"allow":["GET"]}}],"collection":[{"href":"https:\/\/selectseven.net\/de\/wp-json\/wp\/v2\/pages"}],"about":[{"href":"https:\/\/selectseven.net\/de\/wp-json\/wp\/v2\/types\/page"}],"author":[{"embeddable":true,"href":"https:\/\/selectseven.net\/de\/wp-json\/wp\/v2\/users\/1"}],"replies":[{"embeddable":true,"href":"https:\/\/selectseven.net\/de\/wp-json\/wp\/v2\/comments?post=2735"}],"version-history":[{"count":3,"href":"https:\/\/selectseven.net\/de\/wp-json\/wp\/v2\/pages\/2735\/revisions"}],"predecessor-version":[{"id":2739,"href":"https:\/\/selectseven.net\/de\/wp-json\/wp\/v2\/pages\/2735\/revisions\/2739"}],"wp:attachment":[{"href":"https:\/\/selectseven.net\/de\/wp-json\/wp\/v2\/media?parent=2735"}],"curies":[{"name":"wp","href":"https:\/\/api.w.org\/{rel}","templated":true}]}}